{"id":1784,"date":"2020-12-15T15:19:40","date_gmt":"2020-12-15T14:19:40","guid":{"rendered":"https:\/\/dragon.jonkr.dk\/abrasive-rolls\/"},"modified":"2026-03-17T11:35:53","modified_gmt":"2026-03-17T10:35:53","slug":"abrasive-rolls","status":"publish","type":"page","link":"https:\/\/dragon.dk\/en\/abrasive-rolls\/","title":{"rendered":"Abrasive Rolls"},"content":{"rendered":"\n\n        <img decoding=\"async\" src=\"https:\/\/dragon.dk\/wp-content\/uploads\/2020\/12\/sru-115mmx50m-groen-125g.jpg\" onclick=\"myFunction(this);\"\/>\n        <img decoding=\"async\" src=\"https:\/\/dragon.dk\/wp-content\/uploads\/2020\/12\/sru-115mmx5m-p120-gul-med-sorte-korn-126.jpg\" onclick=\"myFunction(this);\"\/>\n        <img decoding=\"async\" src=\"https:\/\/dragon.dk\/wp-content\/uploads\/2020\/12\/sru-115mmx5m-p80-roed-421.jpg\" onclick=\"myFunction(this);\"\/>\n        <img decoding=\"async\" src=\"https:\/\/dragon.dk\/wp-content\/uploads\/2020\/12\/sru-115mmx5m_p120_gul_med_sorte_korn_126.jpg\" onclick=\"myFunction(this);\"\/>\n        <img decoding=\"async\" src=\"https:\/\/dragon.dk\/wp-content\/uploads\/2020\/12\/sru-115mmx2m_rulle_124.jpg\" onclick=\"myFunction(this);\"\/>\n        <img decoding=\"async\" src=\"https:\/\/dragon.dk\/wp-content\/uploads\/2020\/12\/sru-100mmx50m-p100-gul-123.jpg\" onclick=\"myFunction(this);\"\/>\n        <img decoding=\"async\" src=\"https:\/\/dragon.dk\/wp-content\/uploads\/2020\/12\/sru-93mmx50m-p120-gul-med-sorte-korn-126.jpg\" onclick=\"myFunction(this);\"\/>\n        <img decoding=\"async\" src=\"https:\/\/dragon.dk\/wp-content\/uploads\/2020\/12\/sru-93mmx50m-gul-112.jpg\" onclick=\"myFunction(this);\"\/>\n        <img decoding=\"async\" src=\"https:\/\/dragon.dk\/wp-content\/uploads\/2020\/12\/sru-2611206-002.jpg\" onclick=\"myFunction(this);\"\/>\n        <img decoding=\"async\" src=\"https:\/\/dragon.dk\/wp-content\/uploads\/2020\/12\/sru-115mmx50m-rulle-421.jpg\" onclick=\"myFunction(this);\"\/>\n        <img decoding=\"async\" src=\"https:\/\/dragon.dk\/wp-content\/uploads\/2020\/12\/sru-115mmx50m-p120-blaa-124.jpg\" onclick=\"myFunction(this);\"\/>\n      <img decoding=\"async\" id=\"expandedImg\" src=\"https:\/\/dragon.dk\/wp-content\/uploads\/2020\/12\/sru-115mmx50m-groen-125g.jpg\"\/>\n<br \/>\n<h3>\n\t\t\tAbrasive rolls\t<\/h3>\n<p>Hand-, machine- or floor sanding.<\/p>\n<p>We have abrasive rolls for everything, whether it is for the professional painter, the floor sander, or when the old varnish needs to be sanded off the handrail at home.<\/p>\n<p>Dragon abrasive rolls are delivered worldwide and in exactly the dimensions, quality, and colour you request.<\/p>\n<p>We know that quality and durability go hand in hand, which is why we only supply abrasive rolls made from the best raw materials.<\/p>\n<h3>\n\t\t\tDesign your product in many different combinations\t<\/h3>\n\t<ul>\n    <li>Grit<\/li>\n    <li>16<\/li>\n    <li>24<\/li>\n    <li>36<\/li>\n    <li>40<\/li>\n    <li>60<\/li>\n    <li>80<\/li>\n    <li>100<\/li>\n    <li>120<\/li>\n    <li>150<\/li>\n    <li>180<\/li>\n    <li>240<\/li>\n    <li>320<\/li>\n<\/ul>\n\t<strong>Dimensions<\/strong><br \/>\n2 m<br \/>\n5 m<br \/>\n25 m<br \/>\n50 m\n\t<strong>PU<\/strong><br \/>\n1 &#8211; 6\n<strong>Paper<\/strong><br \/>\nC, D, or E\n\t<strong>Packaging<\/strong><br \/>\nSleeve or foil\n<strong>Dragon type<\/strong><br \/>\n122, 123, 124, 125, 126, 141, 414, 323, 332, 421, 824\n\t<strong>Brand compatability<\/strong><br \/>\nMetabo, Festool, B&amp;D, AEG, Makita, or HiKOKI\n\t<strong>Available in many colours<\/strong>\n<ul>\n    <\/ul>\n\t<strong>Fully configurable<br \/>\n<\/strong>Call us for a dialogue about your next abrasive product, or download the system table and product catalogue to get the full range of combinations.\n\t\t\t<a href=\"https:\/\/dragon.dk\/wp-content\/uploads\/2026\/03\/2026-DRAGON-System-Table-A3.pdf\"  target=\"_blank\" rel=\"noopener\"    rel=\"noopener\">\n\t\t\t\t\t\t\tDOWNLOAD SYSTEM TABLE\n\t\t\t<\/a>\n\t\t\t<a href=\"https:\/\/dragon.dk\/wp-content\/uploads\/2026\/03\/2026-DRAGON-Product-Catalogue.pdf\"  target=\"_blank\" rel=\"noopener\"    rel=\"noopener\">\n\t\t\t\t\t\t\tDOWNLOAD PRODUCT CATALOGUE\n\t\t\t<\/a>\n<h2>\n\t\t\tThis product is available as Private Label\t<\/h2>\n\t<p>Our machines are fully equipped to apply any logo design you would like on the sandpaper. We are also happy to help with the development of the design or other content considerations such as format, size, and location. In addition, we also offer a number of standard private label and\/or no-name solutions, so you and your customers get exactly the look you want.<\/p>\n<figure itemscope itemtype=\"https:\/\/schema.org\/ImageObject\">\n\t\t\t\t<img decoding=\"async\" src=\"https:\/\/dragon.dk\/wp-content\/uploads\/2020\/11\/private-label-1.png\" alt=\"private-label\" height=\"300\" width=\"376\" title=\"private-label\" onerror=\"this.style.display='none'\" loading=\"lazy\" \/>\n\t<\/figure>\n<figure itemscope itemtype=\"https:\/\/schema.org\/ImageObject\">\n\t\t\t\t<img decoding=\"async\" src=\"https:\/\/dragon.dk\/wp-content\/uploads\/2020\/11\/farver.jpg\" alt=\"colors\" height=\"400\" width=\"600\" title=\"colors\" onerror=\"this.style.display='none'\" loading=\"lazy\" \/>\n\t<\/figure>\n<h2>\n\t\t\tThis products is available in a broad range of colours\t<\/h2>\n\t<p>You have the option to add any colour choice you find in the Ral and Pantone colour charts. This does not just give you a wide range of options &#8211; it means that you or your customers can include even your sandpaper in your overall branding strategy. Therefore, of course, we also offer advice and consultation in connection with the selection and application of colours.<\/p>\n<h2>\n\t\t\tProduktet findes ogs\u00e5 i vores gr\u00f8nne linje\t<\/h2>\n\t<p>Har din virksomhed behov og \u00f8nsker om b\u00e6redygtighed s\u00e5 har vi sliberuller der passer perfekt til dette. Se vores gr\u00f8nne sliberuller her<\/p>\n<figure itemscope itemtype=\"https:\/\/schema.org\/ImageObject\">\n\t\t\t\t<img decoding=\"async\" src=\"https:\/\/dragon.dk\/wp-content\/uploads\/2021\/12\/green-line-rulle.jpg\" alt=\"green line - rulle\" height=\"1333\" width=\"2000\" title=\"green line - rulle\" onerror=\"this.style.display='none'\" loading=\"lazy\" \/>\n\t<\/figure>\n<figure itemscope itemtype=\"https:\/\/schema.org\/ImageObject\">\n\t\t\t\t<img decoding=\"async\" src=\"https:\/\/dragon.dk\/wp-content\/uploads\/2020\/12\/kvalitetssandpapir.png\" alt=\"kvalitetssandpapir\" height=\"402\" width=\"600\" title=\"kvalitetssandpapir\" onerror=\"this.style.display='none'\" loading=\"lazy\" \/>\n\t<\/figure>\n<h2>\n\t\t\tAbrasive paper where you really feel the difference\t<\/h2>\n\t<p>We only use the very best raw materials in the production of our abrasives paper, do regular random checks and develop new abrasive qualities.<\/p>\n<p>This means that we can guarantee a uniform product when it comes to quality, colour, and dimension, and this makes us one of the leading producers of abrasive material.<\/p>\n<p>When having one of our products in your hand, you&#8217;ll feel the quality and flexibility instantly. This is why our customers keep coming back.<\/p>\n\n","protected":false},"excerpt":{"rendered":"<p>Abrasive rolls Hand-, machine- or floor sanding. We have abrasive rolls for everything, whether it is for the professional painter, the floor sander, or when the old varnish needs to be sanded off the handrail at home. Dragon abrasive rolls are delivered worldwide and in exactly the dimensions, quality, and colour you request. We know&hellip;<\/p>\n","protected":false},"author":1,"featured_media":0,"parent":0,"menu_order":0,"comment_status":"closed","ping_status":"closed","template":"","meta":{"footnotes":""},"class_list":["post-1784","page","type-page","status-publish","hentry"],"yoast_head":"<!-- This site is optimized with the Yoast SEO plugin v27.6 - https:\/\/yoast.com\/product\/yoast-seo-wordpress\/ -->\n<title>Abrasive Rolls - Dragon<\/title>\n<meta name=\"robots\" content=\"noindex, follow, max-snippet:-1, max-image-preview:large, max-video-preview:-1\" \/>\n<meta property=\"og:locale\" content=\"en_US\" \/>\n<meta property=\"og:type\" content=\"article\" \/>\n<meta property=\"og:title\" content=\"Abrasive Rolls - Dragon\" \/>\n<meta property=\"og:description\" content=\"Abrasive rolls Hand-, machine- or floor sanding. We have abrasive rolls for everything, whether it is for the professional painter, the floor sander, or when the old varnish needs to be sanded off the handrail at home. Dragon abrasive rolls are delivered worldwide and in exactly the dimensions, quality, and colour you request. We know&hellip;\" \/>\n<meta property=\"og:url\" content=\"https:\/\/dragon.dk\/en\/abrasive-rolls\/\" \/>\n<meta property=\"og:site_name\" content=\"Dragon\" \/>\n<meta property=\"article:publisher\" content=\"https:\/\/www.facebook.com\/DragonAbrasives\" \/>\n<meta property=\"article:modified_time\" content=\"2026-03-17T10:35:53+00:00\" \/>\n<meta property=\"og:image\" content=\"https:\/\/dragon.dk\/wp-content\/uploads\/2020\/12\/sru-115mmx50m-groen-125g.jpg\" \/>\n<meta name=\"twitter:card\" content=\"summary_large_image\" \/>\n<meta name=\"twitter:label1\" content=\"Est. reading time\" \/>\n\t<meta name=\"twitter:data1\" content=\"6 minutes\" \/>\n<script type=\"application\/ld+json\" class=\"yoast-schema-graph\">{\"@context\":\"https:\\\/\\\/schema.org\",\"@graph\":[{\"@type\":\"WebPage\",\"@id\":\"https:\\\/\\\/dragon.dk\\\/en\\\/abrasive-rolls\\\/\",\"url\":\"https:\\\/\\\/dragon.dk\\\/en\\\/abrasive-rolls\\\/\",\"name\":\"Abrasive Rolls - Dragon\",\"isPartOf\":{\"@id\":\"https:\\\/\\\/dragon.dk\\\/en\\\/#website\"},\"primaryImageOfPage\":{\"@id\":\"https:\\\/\\\/dragon.dk\\\/en\\\/abrasive-rolls\\\/#primaryimage\"},\"image\":{\"@id\":\"https:\\\/\\\/dragon.dk\\\/en\\\/abrasive-rolls\\\/#primaryimage\"},\"thumbnailUrl\":\"https:\\\/\\\/dragon.dk\\\/wp-content\\\/uploads\\\/2020\\\/12\\\/sru-115mmx50m-groen-125g.jpg\",\"datePublished\":\"2020-12-15T14:19:40+00:00\",\"dateModified\":\"2026-03-17T10:35:53+00:00\",\"breadcrumb\":{\"@id\":\"https:\\\/\\\/dragon.dk\\\/en\\\/abrasive-rolls\\\/#breadcrumb\"},\"inLanguage\":\"en-US\",\"potentialAction\":[{\"@type\":\"ReadAction\",\"target\":[\"https:\\\/\\\/dragon.dk\\\/en\\\/abrasive-rolls\\\/\"]}]},{\"@type\":\"ImageObject\",\"inLanguage\":\"en-US\",\"@id\":\"https:\\\/\\\/dragon.dk\\\/en\\\/abrasive-rolls\\\/#primaryimage\",\"url\":\"https:\\\/\\\/dragon.dk\\\/wp-content\\\/uploads\\\/2020\\\/12\\\/sru-115mmx50m-groen-125g.jpg\",\"contentUrl\":\"https:\\\/\\\/dragon.dk\\\/wp-content\\\/uploads\\\/2020\\\/12\\\/sru-115mmx50m-groen-125g.jpg\"},{\"@type\":\"BreadcrumbList\",\"@id\":\"https:\\\/\\\/dragon.dk\\\/en\\\/abrasive-rolls\\\/#breadcrumb\",\"itemListElement\":[{\"@type\":\"ListItem\",\"position\":1,\"name\":\"Home\",\"item\":\"https:\\\/\\\/dragon.dk\\\/en\\\/\"},{\"@type\":\"ListItem\",\"position\":2,\"name\":\"Abrasive Rolls\"}]},{\"@type\":\"WebSite\",\"@id\":\"https:\\\/\\\/dragon.dk\\\/en\\\/#website\",\"url\":\"https:\\\/\\\/dragon.dk\\\/en\\\/\",\"name\":\"Dragon\",\"description\":\"Dansk producent af slibepapir til flere forskellige industrier\",\"publisher\":{\"@id\":\"https:\\\/\\\/dragon.dk\\\/en\\\/#organization\"},\"potentialAction\":[{\"@type\":\"SearchAction\",\"target\":{\"@type\":\"EntryPoint\",\"urlTemplate\":\"https:\\\/\\\/dragon.dk\\\/en\\\/?s={search_term_string}\"},\"query-input\":{\"@type\":\"PropertyValueSpecification\",\"valueRequired\":true,\"valueName\":\"search_term_string\"}}],\"inLanguage\":\"en-US\"},{\"@type\":\"Organization\",\"@id\":\"https:\\\/\\\/dragon.dk\\\/en\\\/#organization\",\"name\":\"Dragon\",\"url\":\"https:\\\/\\\/dragon.dk\\\/en\\\/\",\"logo\":{\"@type\":\"ImageObject\",\"inLanguage\":\"en-US\",\"@id\":\"https:\\\/\\\/dragon.dk\\\/en\\\/#\\\/schema\\\/logo\\\/image\\\/\",\"url\":\"https:\\\/\\\/dragon.dk\\\/wp-content\\\/uploads\\\/2020\\\/12\\\/cropped-favicon-1.png\",\"contentUrl\":\"https:\\\/\\\/dragon.dk\\\/wp-content\\\/uploads\\\/2020\\\/12\\\/cropped-favicon-1.png\",\"width\":512,\"height\":512,\"caption\":\"Dragon\"},\"image\":{\"@id\":\"https:\\\/\\\/dragon.dk\\\/en\\\/#\\\/schema\\\/logo\\\/image\\\/\"},\"sameAs\":[\"https:\\\/\\\/www.facebook.com\\\/DragonAbrasives\",\"https:\\\/\\\/www.instagram.com\\\/dragon.abrasives\\\/\",\"https:\\\/\\\/www.linkedin.com\\\/company\\\/dragon-a-s-abrasives\\\/\"]}]}<\/script>\n<!-- \/ Yoast SEO plugin. -->","yoast_head_json":{"title":"Abrasive Rolls - Dragon","robots":{"index":"noindex","follow":"follow","max-snippet":"max-snippet:-1","max-image-preview":"max-image-preview:large","max-video-preview":"max-video-preview:-1"},"og_locale":"en_US","og_type":"article","og_title":"Abrasive Rolls - Dragon","og_description":"Abrasive rolls Hand-, machine- or floor sanding. We have abrasive rolls for everything, whether it is for the professional painter, the floor sander, or when the old varnish needs to be sanded off the handrail at home. Dragon abrasive rolls are delivered worldwide and in exactly the dimensions, quality, and colour you request. We know&hellip;","og_url":"https:\/\/dragon.dk\/en\/abrasive-rolls\/","og_site_name":"Dragon","article_publisher":"https:\/\/www.facebook.com\/DragonAbrasives","article_modified_time":"2026-03-17T10:35:53+00:00","og_image":[{"url":"https:\/\/dragon.dk\/wp-content\/uploads\/2020\/12\/sru-115mmx50m-groen-125g.jpg","type":"","width":"","height":""}],"twitter_card":"summary_large_image","twitter_misc":{"Est. reading time":"6 minutes"},"schema":{"@context":"https:\/\/schema.org","@graph":[{"@type":"WebPage","@id":"https:\/\/dragon.dk\/en\/abrasive-rolls\/","url":"https:\/\/dragon.dk\/en\/abrasive-rolls\/","name":"Abrasive Rolls - Dragon","isPartOf":{"@id":"https:\/\/dragon.dk\/en\/#website"},"primaryImageOfPage":{"@id":"https:\/\/dragon.dk\/en\/abrasive-rolls\/#primaryimage"},"image":{"@id":"https:\/\/dragon.dk\/en\/abrasive-rolls\/#primaryimage"},"thumbnailUrl":"https:\/\/dragon.dk\/wp-content\/uploads\/2020\/12\/sru-115mmx50m-groen-125g.jpg","datePublished":"2020-12-15T14:19:40+00:00","dateModified":"2026-03-17T10:35:53+00:00","breadcrumb":{"@id":"https:\/\/dragon.dk\/en\/abrasive-rolls\/#breadcrumb"},"inLanguage":"en-US","potentialAction":[{"@type":"ReadAction","target":["https:\/\/dragon.dk\/en\/abrasive-rolls\/"]}]},{"@type":"ImageObject","inLanguage":"en-US","@id":"https:\/\/dragon.dk\/en\/abrasive-rolls\/#primaryimage","url":"https:\/\/dragon.dk\/wp-content\/uploads\/2020\/12\/sru-115mmx50m-groen-125g.jpg","contentUrl":"https:\/\/dragon.dk\/wp-content\/uploads\/2020\/12\/sru-115mmx50m-groen-125g.jpg"},{"@type":"BreadcrumbList","@id":"https:\/\/dragon.dk\/en\/abrasive-rolls\/#breadcrumb","itemListElement":[{"@type":"ListItem","position":1,"name":"Home","item":"https:\/\/dragon.dk\/en\/"},{"@type":"ListItem","position":2,"name":"Abrasive Rolls"}]},{"@type":"WebSite","@id":"https:\/\/dragon.dk\/en\/#website","url":"https:\/\/dragon.dk\/en\/","name":"Dragon","description":"Dansk producent af slibepapir til flere forskellige industrier","publisher":{"@id":"https:\/\/dragon.dk\/en\/#organization"},"potentialAction":[{"@type":"SearchAction","target":{"@type":"EntryPoint","urlTemplate":"https:\/\/dragon.dk\/en\/?s={search_term_string}"},"query-input":{"@type":"PropertyValueSpecification","valueRequired":true,"valueName":"search_term_string"}}],"inLanguage":"en-US"},{"@type":"Organization","@id":"https:\/\/dragon.dk\/en\/#organization","name":"Dragon","url":"https:\/\/dragon.dk\/en\/","logo":{"@type":"ImageObject","inLanguage":"en-US","@id":"https:\/\/dragon.dk\/en\/#\/schema\/logo\/image\/","url":"https:\/\/dragon.dk\/wp-content\/uploads\/2020\/12\/cropped-favicon-1.png","contentUrl":"https:\/\/dragon.dk\/wp-content\/uploads\/2020\/12\/cropped-favicon-1.png","width":512,"height":512,"caption":"Dragon"},"image":{"@id":"https:\/\/dragon.dk\/en\/#\/schema\/logo\/image\/"},"sameAs":["https:\/\/www.facebook.com\/DragonAbrasives","https:\/\/www.instagram.com\/dragon.abrasives\/","https:\/\/www.linkedin.com\/company\/dragon-a-s-abrasives\/"]}]}},"_links":{"self":[{"href":"https:\/\/dragon.dk\/en\/wp-json\/wp\/v2\/pages\/1784","targetHints":{"allow":["GET"]}}],"collection":[{"href":"https:\/\/dragon.dk\/en\/wp-json\/wp\/v2\/pages"}],"about":[{"href":"https:\/\/dragon.dk\/en\/wp-json\/wp\/v2\/types\/page"}],"author":[{"embeddable":true,"href":"https:\/\/dragon.dk\/en\/wp-json\/wp\/v2\/users\/1"}],"replies":[{"embeddable":true,"href":"https:\/\/dragon.dk\/en\/wp-json\/wp\/v2\/comments?post=1784"}],"version-history":[{"count":10,"href":"https:\/\/dragon.dk\/en\/wp-json\/wp\/v2\/pages\/1784\/revisions"}],"predecessor-version":[{"id":4198,"href":"https:\/\/dragon.dk\/en\/wp-json\/wp\/v2\/pages\/1784\/revisions\/4198"}],"wp:attachment":[{"href":"https:\/\/dragon.dk\/en\/wp-json\/wp\/v2\/media?parent=1784"}],"curies":[{"name":"wp","href":"https:\/\/api.w.org\/{rel}","templated":true}]}}